{"id":72,"date":"2025-09-11T21:58:42","date_gmt":"2025-09-11T21:58:42","guid":{"rendered":"https:\/\/maxlbs.ovh\/?page_id=72"},"modified":"2026-01-06T18:51:02","modified_gmt":"2026-01-06T18:51:02","slug":"comptes-rendus-de-tp","status":"publish","type":"page","link":"https:\/\/maxlbs.ovh\/index.php\/comptes-rendus-de-tp\/","title":{"rendered":"Comptes-rendus de TP"},"content":{"rendered":"\n<p>La r\u00e9daction des comptes-rendus de TP m\u2019a aid\u00e9 \u00e0 organiser ma r\u00e9flexion et \u00e0 produire une documentation technique solide, pertinente tant pour l\u2019\u00e9preuve E6 du BTS SIO (SISR) que pour mes projets personnels.<\/p>\n\n\n\n<h2 class=\"wp-block-heading has-text-align-center\">BTS SIO<\/h2>\n\n\n\n<h3 class=\"wp-block-heading has-text-align-center\">Bloc 1 (Support et mise \u00e0 disposition des services informatiques)<\/h3>\n\n\n\n<div class=\"wp-block-buttons is-content-justification-center is-layout-flex wp-container-core-buttons-is-layout-a89b3969 wp-block-buttons-is-layout-flex\">\n<div class=\"wp-block-button\"><a class=\"wp-block-button__link wp-element-button\" href=\"https:\/\/maxlbs.ovh\/comptes_rendus_tp_bts_sio_mlb\/bloc1\/Compte-Rendu Maxime LE BRAS TP2 Bloc 1 S2.pdf\">Empreintes cryptographiques MD5\/SHA1<\/a><\/div>\n\n\n\n<div class=\"wp-block-button\"><a class=\"wp-block-button__link wp-element-button\" href=\"https:\/\/maxlbs.ovh\/comptes_rendus_tp_bts_sio_mlb\/bloc1\/Compte-Rendu Maxime LE BRAS TP3 Bloc 1 S2.pdf\">Droits et utilisateurs sous Linux<\/a><\/div>\n<\/div>\n\n\n\n<h3 class=\"wp-block-heading has-text-align-center\">Bloc 2 (Solutions d&rsquo;Infrastructure Syst\u00e8mes et R\u00e9seaux)<\/h3>\n\n\n\n<div class=\"wp-block-buttons is-content-justification-center is-layout-flex wp-container-core-buttons-is-layout-a89b3969 wp-block-buttons-is-layout-flex\">\n<div class=\"wp-block-button\"><a class=\"wp-block-button__link wp-element-button\" href=\"https:\/\/maxlbs.ovh\/comptes_rendus_tp_bts_sio_mlb\/bloc2\/TP 2 - SISR2 - Maxime &amp; Sami &amp; Kervin &amp; Daniel.pdf\">Soci\u00e9t\u00e9 ALSET<\/a><\/div>\n\n\n\n<div class=\"wp-block-button\"><a class=\"wp-block-button__link wp-element-button\" href=\"https:\/\/maxlbs.ovh\/comptes_rendus_tp_bts_sio_mlb\/bloc2\/TP 4 - SISR2 - Maxime LE BRAS.pdf\">Soci\u00e9t\u00e9 NARFAS<\/a><\/div>\n<\/div>\n\n\n\n<h3 class=\"wp-block-heading has-text-align-center\">Bloc 3 (Cybers\u00e9curit\u00e9 aux services informatiques)<\/h3>\n\n\n\n<div class=\"wp-block-buttons is-content-justification-center is-layout-flex wp-container-core-buttons-is-layout-a89b3969 wp-block-buttons-is-layout-flex\">\n<div class=\"wp-block-button\"><a class=\"wp-block-button__link wp-element-button\" href=\"https:\/\/maxlbs.ovh\/comptes_rendus_tp_bts_sio_mlb\/bloc3\/TP4 - Bloc 3 - Maxime LE BRAS &amp; Daniel SELVAM.pdf\">Load-Balancing avec IPVS<\/a><\/div>\n\n\n\n<div class=\"wp-block-button\"><a class=\"wp-block-button__link wp-element-button\" href=\"https:\/\/maxlbs.ovh\/comptes_rendus_tp_bts_sio_mlb\/bloc3\/TP5 - Bloc 3 - Maxime LE BRAS &amp; Daniel SELVAM\">Routage OSPF<\/a><\/div>\n<\/div>\n\n\n\n<h3 class=\"wp-block-heading has-text-align-center\">Atelier professionnel SISR<\/h3>\n\n\n\n<div class=\"wp-block-buttons is-content-justification-center is-layout-flex wp-container-core-buttons-is-layout-a89b3969 wp-block-buttons-is-layout-flex\">\n<div class=\"wp-block-button\"><a class=\"wp-block-button__link wp-element-button\" href=\"https:\/\/maxlbs.ovh\/comptes_rendus_tp_bts_sio_mlb\/ap_sisr\/AP SISR Projet GSB Lot 2.pdf\">Projet GSB &#8211; Lot 2<\/a><\/div>\n\n\n\n<div class=\"wp-block-button\"><a class=\"wp-block-button__link wp-element-button\" href=\"https:\/\/maxlbs.ovh\/comptes_rendus_tp_bts_sio_mlb\/ap_sisr\/AP SISR Projet GSB Lot 3.pdf\">Projet GSB &#8211; Lot 3<\/a><\/div>\n<\/div>\n\n\n\n<div style=\"height:49px\" aria-hidden=\"true\" class=\"wp-block-spacer\"><\/div>\n","protected":false},"excerpt":{"rendered":"<p>La r\u00e9daction des comptes-rendus de TP m\u2019a aid\u00e9 \u00e0 organiser ma r\u00e9flexion et \u00e0 produire une documentation technique solide, pertinente tant pour l\u2019\u00e9preuve E6 du BTS SIO (SISR) que pour mes projets personnels. BTS SIO Bloc 1 (Support et mise \u00e0 disposition des services informatiques) Bloc 2 (Solutions d&rsquo;Infrastructure Syst\u00e8mes et R\u00e9seaux) Bloc 3 (Cybers\u00e9curit\u00e9 &hellip; <\/p>\n<p class=\"link-more\"><a href=\"https:\/\/maxlbs.ovh\/index.php\/comptes-rendus-de-tp\/\" class=\"more-link\">Lire la suite de<span class=\"screen-reader-text\">\u00ab\u00a0Comptes-rendus de TP\u00a0\u00bb<\/span><\/a><\/p>\n","protected":false},"author":1,"featured_media":0,"parent":0,"menu_order":0,"comment_status":"closed","ping_status":"closed","template":"","meta":{"footnotes":""},"class_list":["post-72","page","type-page","status-publish","hentry"],"featured_media_urls":[],"_links":{"self":[{"href":"https:\/\/maxlbs.ovh\/index.php\/wp-json\/wp\/v2\/pages\/72","targetHints":{"allow":["GET"]}}],"collection":[{"href":"https:\/\/maxlbs.ovh\/index.php\/wp-json\/wp\/v2\/pages"}],"about":[{"href":"https:\/\/maxlbs.ovh\/index.php\/wp-json\/wp\/v2\/types\/page"}],"author":[{"embeddable":true,"href":"https:\/\/maxlbs.ovh\/index.php\/wp-json\/wp\/v2\/users\/1"}],"replies":[{"embeddable":true,"href":"https:\/\/maxlbs.ovh\/index.php\/wp-json\/wp\/v2\/comments?post=72"}],"version-history":[{"count":9,"href":"https:\/\/maxlbs.ovh\/index.php\/wp-json\/wp\/v2\/pages\/72\/revisions"}],"predecessor-version":[{"id":222,"href":"https:\/\/maxlbs.ovh\/index.php\/wp-json\/wp\/v2\/pages\/72\/revisions\/222"}],"wp:attachment":[{"href":"https:\/\/maxlbs.ovh\/index.php\/wp-json\/wp\/v2\/media?parent=72"}],"curies":[{"name":"wp","href":"https:\/\/api.w.org\/{rel}","templated":true}]}}